{"id":58,"date":"2015-02-18T16:16:39","date_gmt":"2015-02-18T15:16:39","guid":{"rendered":"http:\/\/artesarticulo.de\/aa\/?page_id=58"},"modified":"2015-12-20T12:42:51","modified_gmt":"2015-12-20T11:42:51","slug":"imprint","status":"publish","type":"page","link":"https:\/\/artesarticulo.de\/aa\/en\/imprint\/","title":{"rendered":"Imprint"},"content":{"rendered":"<h3>Angaben gem\u00e4\u00df \u00a7 5 TMG<\/h3>\n<div style=\"text-align: center !important; margin: 0 21px;\">Nicolas Stiller \/ Gladbacher Stra\u00dfe 74 \/ 40219 D\u00fcsseldorf<br \/>\nVertreten durch: Nicolas Stiller<br \/>\nKontakt: Telefon: 0179-4879985 \/ E-Mail: mail@artesarticulo.de<br \/>\nVerantwortlich f\u00fcr den Inhalt nach \u00a7 55 Abs. 2 RStV:<br \/>\nNicolas Stiller \/ Gladbacher Stra\u00dfe 74 \/ 40219 D\u00fcsseldorf<\/div>\n<h3>Haftung f\u00fcr Inhalte<\/h3>\n<p>Die Inhalte auf artesarticulo.de wurden mit gr\u00f6\u00dfter Sorgfalt erstellt. F\u00fcr die Richtigkeit, Vollst\u00e4ndigkeit und Aktualit\u00e4t der Inhalte kann ich jedoch keine Gew\u00e4hr \u00fcbernehmen. Als Dienstanbieter bin ich gem\u00e4\u00df \u00a7 7 Abs.1 TMG f\u00fcr eigene Inhalte auf diesen Seiten nach den allgemeinen Gesetzen verantwortlich. Nach \u00a7\u00a7 8 bis 10 TMG bin ich als Dienstanbieter jedoch nicht verpflichtet, \u00fcbermittelte oder gespeicherte fremde Informationen zu \u00fcberwachen oder nach Umst\u00e4nden zu forschen, die auf eine rechtswidrige T\u00e4tigkeit hinweisen. Verpflichtungen zur Entfernung oder Sperrung der Nutzung von Informationen nach den allgemeinen Gesetzen bleiben hiervon unber\u00fchrt. Eine diesbez\u00fcgliche Haftung ist jedoch erst ab dem Zeitpunkt der Kenntnis einer konkreten Rechtsverletzung m\u00f6glich. Bei Bekanntwerden von entsprechenden Rechtsverletzungen werde ich diese Inhalte umgehend entfernen.<\/p>\n<h3>Urheberrecht<\/h3>\n<p>Die durch den Seitenbetreiber erstellten Inhalte und Werke auf artesarticulo.de unterliegen dem deutschen Urheberrecht. Die Vervielf\u00e4ltigung, Bearbeitung, Verbreitung und jede Art der Verwertung au\u00dferhalb der Grenzen des Urheberrechtes bed\u00fcrfen der schriftlichen Zustimmung des jeweiligen Autors bzw. Erstellers. Downloads und Kopien dieser Seite sind nur f\u00fcr den privaten, nicht kommerziellen Gebrauch gestattet. Soweit die Inhalte auf dieser Seite nicht vom Betreiber erstellt wurden, werden die Urheberrechte Dritter beachtet. Insbesondere werden Inhalte Dritter als solche gekennzeichnet. Sollten Sie trotzdem auf eine Urheberrechtsverletzung aufmerksam werden, bitte ich um einen entsprechenden Hinweis. Bei Bekanntwerden von Rechtsverletzungen werde ich derartige Inhalte umgehend entfernen.<\/p>\n<p>&nbsp;<\/p>\n<hr style=\"height: 1px; border: none; color: #000; background-color: #000; width: 21px; text-align: center; margin: 0 auto; margin-bottom: 20px;\" \/>\n","protected":false},"excerpt":{"rendered":"<p>Angaben gem\u00e4\u00df \u00a7 5 TMG Nicolas Stiller \/ Gladbacher Stra\u00dfe 74 \/ 40219 D\u00fcsseldorf Vertreten durch: Nicolas Stiller Kontakt: [&hellip;]<\/p>\n","protected":false},"author":1,"featured_media":0,"parent":0,"menu_order":0,"comment_status":"open","ping_status":"open","template":"","meta":{"_bbp_topic_count":0,"_bbp_reply_count":0,"_bbp_total_topic_count":0,"_bbp_total_reply_count":0,"_bbp_voice_count":0,"_bbp_anonymous_reply_count":0,"_bbp_topic_count_hidden":0,"_bbp_reply_count_hidden":0,"_bbp_forum_subforum_count":0,"footnotes":""},"class_list":["post-58","page","type-page","status-publish","hentry"],"_links":{"self":[{"href":"https:\/\/artesarticulo.de\/aa\/en\/wp-json\/wp\/v2\/pages\/58","targetHints":{"allow":["GET"]}}],"collection":[{"href":"https:\/\/artesarticulo.de\/aa\/en\/wp-json\/wp\/v2\/pages"}],"about":[{"href":"https:\/\/artesarticulo.de\/aa\/en\/wp-json\/wp\/v2\/types\/page"}],"author":[{"embeddable":true,"href":"https:\/\/artesarticulo.de\/aa\/en\/wp-json\/wp\/v2\/users\/1"}],"replies":[{"embeddable":true,"href":"https:\/\/artesarticulo.de\/aa\/en\/wp-json\/wp\/v2\/comments?post=58"}],"version-history":[{"count":4,"href":"https:\/\/artesarticulo.de\/aa\/en\/wp-json\/wp\/v2\/pages\/58\/revisions"}],"predecessor-version":[{"id":353,"href":"https:\/\/artesarticulo.de\/aa\/en\/wp-json\/wp\/v2\/pages\/58\/revisions\/353"}],"wp:attachment":[{"href":"https:\/\/artesarticulo.de\/aa\/en\/wp-json\/wp\/v2\/media?parent=58"}],"curies":[{"name":"wp","href":"https:\/\/api.w.org\/{rel}","templated":true}]}}