{"id":77,"date":"2015-02-18T16:53:01","date_gmt":"2015-02-18T15:53:01","guid":{"rendered":"http:\/\/artesarticulo.de\/aa\/?page_id=77"},"modified":"2015-02-18T16:53:01","modified_gmt":"2015-02-18T15:53:01","slug":"a-propos-de-nous","status":"publish","type":"page","link":"https:\/\/artesarticulo.de\/aa\/fr\/a-propos-de-nous\/","title":{"rendered":"\u00c0 propos de nous"},"content":{"rendered":"<p>Un des points distinctifs de D\u00fcsseldorf est la forte concentration des salles d&rsquo;exposition divers o\u00f9 un programme en constante \u00e9volution inspire r\u00e9guli\u00e8rement contemplations int\u00e9ressantes sur l&rsquo;art. Le spectre de l&rsquo;art repr\u00e9sent\u00e9 ici varie de derni\u00e8res \u00e9poques jusqu&rsquo;\u00e0 l&rsquo;instant pr\u00e9sent et comprend les deux \u00e9toiles de renom \u00e0 travers le monde et local hors-sc\u00e8ne. Comme historiens de l&rsquo;art avec une exp\u00e9rience de longue date dans le domaine de la communication, nous nous concentrons intens\u00e9ment art sur \u200b\u200bchaque exposition. Cela nous donne l&rsquo;avantage d&rsquo;\u00eatre en mesure d&rsquo;offrir une introduction motiv\u00e9e aux \u0153uvres d&rsquo;art qui sont pr\u00e9sent\u00e9s ici.<\/p>\n<p>Si vous \u00eates int\u00e9ress\u00e9s \u00e0 explorer les galeries de la m\u00e9tropole rh\u00e9nane avec un priv\u00e9 ou d&rsquo;un groupe de soci\u00e9t\u00e9s, nous serions plus heureux d&rsquo;\u00eatre \u00e0 votre disposition. En ce qui concerne l&rsquo;organisation et l&rsquo;arrangement que nous offrons, bien s\u00fbr, des visites individuellement faites sur mesure \u00e0 vos souhaits et id\u00e9es.<\/p>\n","protected":false},"excerpt":{"rendered":"<p>Un des points distinctifs de D\u00fcsseldorf est la forte concentration des salles d&rsquo;exposition divers o\u00f9 un programme en constante [&hellip;]<\/p>\n","protected":false},"author":1,"featured_media":0,"parent":0,"menu_order":0,"comment_status":"open","ping_status":"open","template":"","meta":{"_bbp_topic_count":0,"_bbp_reply_count":0,"_bbp_total_topic_count":0,"_bbp_total_reply_count":0,"_bbp_voice_count":0,"_bbp_anonymous_reply_count":0,"_bbp_topic_count_hidden":0,"_bbp_reply_count_hidden":0,"_bbp_forum_subforum_count":0,"footnotes":""},"class_list":["post-77","page","type-page","status-publish","hentry"],"_links":{"self":[{"href":"https:\/\/artesarticulo.de\/aa\/fr\/wp-json\/wp\/v2\/pages\/77","targetHints":{"allow":["GET"]}}],"collection":[{"href":"https:\/\/artesarticulo.de\/aa\/fr\/wp-json\/wp\/v2\/pages"}],"about":[{"href":"https:\/\/artesarticulo.de\/aa\/fr\/wp-json\/wp\/v2\/types\/page"}],"author":[{"embeddable":true,"href":"https:\/\/artesarticulo.de\/aa\/fr\/wp-json\/wp\/v2\/users\/1"}],"replies":[{"embeddable":true,"href":"https:\/\/artesarticulo.de\/aa\/fr\/wp-json\/wp\/v2\/comments?post=77"}],"version-history":[{"count":1,"href":"https:\/\/artesarticulo.de\/aa\/fr\/wp-json\/wp\/v2\/pages\/77\/revisions"}],"predecessor-version":[{"id":78,"href":"https:\/\/artesarticulo.de\/aa\/fr\/wp-json\/wp\/v2\/pages\/77\/revisions\/78"}],"wp:attachment":[{"href":"https:\/\/artesarticulo.de\/aa\/fr\/wp-json\/wp\/v2\/media?parent=77"}],"curies":[{"name":"wp","href":"https:\/\/api.w.org\/{rel}","templated":true}]}}