{"id":85,"date":"2015-02-18T17:00:44","date_gmt":"2015-02-18T16:00:44","guid":{"rendered":"http:\/\/artesarticulo.de\/aa\/?page_id=85"},"modified":"2016-07-21T14:20:07","modified_gmt":"2016-07-21T12:20:07","slug":"apprenez-a-nous-connaitre-la-galerie-scene-duesseldorf","status":"publish","type":"page","link":"https:\/\/artesarticulo.de\/aa\/fr\/","title":{"rendered":"Apprenez \u00e0 nous conna\u00eetre la galerie sc\u00e8ne D\u00fcsseldorf!"},"content":{"rendered":"<p>D\u00fcsseldorf se caract\u00e9rise par une forte densit\u00e9 de galeries de renomm\u00e9e internationale o\u00f9 un programme en constante \u00e9volution de l&rsquo;art contemporain est pr\u00e9sent\u00e9 dans le monde entier. Il vient d&rsquo;inviter tous les avant-gardiste repr\u00e9sent\u00e9 approches art passionnant discours th\u00e9oriques. Comme un historien de l&rsquo;art\/int\u00e9rieur avec de nombreuses ann\u00e9es d&rsquo;exp\u00e9rience dans le domaine de l&rsquo;\u00e9ducation artistique, nous sommes intens\u00e9ment avec chaque exposition, afin d&rsquo;offrir une introduction inform\u00e9 et int\u00e9ressant pour les positions pr\u00e9sent\u00e9es. Si vous \u00eates int\u00e9ress\u00e9 \u00e0 explorer les galeries D\u00fcsseldorf avec une entreprise priv\u00e9e ou un groupe, nous sommes heureux de vous aider. Dans l&rsquo;organisation et la conception d&rsquo;une des galeries tourn\u00e9e commune nous sommes confront\u00e9s \u00e0 un cours \u00e0 leurs besoins individuels et des id\u00e9es.<\/p>\n<p>&nbsp;<\/p>\n<hr style=\"height: 1px; border: none; color: #000; background-color: #000; width: 21px; text-align: center; margin: 0 auto; margin-bottom: 20px;\" \/>\n","protected":false},"excerpt":{"rendered":"<p>D\u00fcsseldorf se caract\u00e9rise par une forte densit\u00e9 de galeries de renomm\u00e9e internationale o\u00f9 un programme en constante \u00e9volution de [&hellip;]<\/p>\n","protected":false},"author":1,"featured_media":0,"parent":0,"menu_order":0,"comment_status":"open","ping_status":"open","template":"","meta":{"_bbp_topic_count":0,"_bbp_reply_count":0,"_bbp_total_topic_count":0,"_bbp_total_reply_count":0,"_bbp_voice_count":0,"_bbp_anonymous_reply_count":0,"_bbp_topic_count_hidden":0,"_bbp_reply_count_hidden":0,"_bbp_forum_subforum_count":0,"footnotes":""},"class_list":["post-85","page","type-page","status-publish","hentry"],"_links":{"self":[{"href":"https:\/\/artesarticulo.de\/aa\/fr\/wp-json\/wp\/v2\/pages\/85","targetHints":{"allow":["GET"]}}],"collection":[{"href":"https:\/\/artesarticulo.de\/aa\/fr\/wp-json\/wp\/v2\/pages"}],"about":[{"href":"https:\/\/artesarticulo.de\/aa\/fr\/wp-json\/wp\/v2\/types\/page"}],"author":[{"embeddable":true,"href":"https:\/\/artesarticulo.de\/aa\/fr\/wp-json\/wp\/v2\/users\/1"}],"replies":[{"embeddable":true,"href":"https:\/\/artesarticulo.de\/aa\/fr\/wp-json\/wp\/v2\/comments?post=85"}],"version-history":[{"count":2,"href":"https:\/\/artesarticulo.de\/aa\/fr\/wp-json\/wp\/v2\/pages\/85\/revisions"}],"predecessor-version":[{"id":377,"href":"https:\/\/artesarticulo.de\/aa\/fr\/wp-json\/wp\/v2\/pages\/85\/revisions\/377"}],"wp:attachment":[{"href":"https:\/\/artesarticulo.de\/aa\/fr\/wp-json\/wp\/v2\/media?parent=85"}],"curies":[{"name":"wp","href":"https:\/\/api.w.org\/{rel}","templated":true}]}}