{"id":16,"date":"2015-02-18T15:01:40","date_gmt":"2015-02-18T14:01:40","guid":{"rendered":"http:\/\/artesarticulo.de\/aa\/?page_id=16"},"modified":"2019-11-04T10:37:55","modified_gmt":"2019-11-04T09:37:55","slug":"ueber-uns","status":"publish","type":"page","link":"https:\/\/artesarticulo.de\/aa\/ueber-uns\/","title":{"rendered":""},"content":{"rendered":"<p>Nicolas Stiller (*1975) hat neben seiner T\u00e4tigkeit als freischaffender K\u00fcnstler einen Magisterabschluss mit Auszeichnung in den F\u00e4chern Kunstgeschichte, Philosophie und Romanistik erworben und ist seit 2002 im Bereich der Kunstvermittlung t\u00e4tig, wobei er unter anderem f\u00fcr das Metropolitan Museum in New York, das Von der Heydt-Museum in Wuppertal und das Kunstmuseum Solingen gearbeitet hat.<\/p>\n<p><em>Sprachen: Deutsch, Englisch, Franz\u00f6sisch<br \/>\n<\/em><\/p>\n<hr style=\"height: 1px; border: none; color: #000; background-color: #000; width: 21px; text-align: center; margin: 0 auto; margin-bottom: 20px;\" \/>\n","protected":false},"excerpt":{"rendered":"<p>Nicolas Stiller (*1975) hat neben seiner T\u00e4tigkeit als freischaffender K\u00fcnstler einen Magisterabschluss mit Auszeichnung in den F\u00e4chern Kunstgeschichte, Philosophie [&hellip;]<\/p>\n","protected":false},"author":1,"featured_media":0,"parent":0,"menu_order":0,"comment_status":"open","ping_status":"open","template":"","meta":{"_bbp_topic_count":0,"_bbp_reply_count":0,"_bbp_total_topic_count":0,"_bbp_total_reply_count":0,"_bbp_voice_count":0,"_bbp_anonymous_reply_count":0,"_bbp_topic_count_hidden":0,"_bbp_reply_count_hidden":0,"_bbp_forum_subforum_count":0,"footnotes":""},"class_list":["post-16","page","type-page","status-publish","hentry"],"_links":{"self":[{"href":"https:\/\/artesarticulo.de\/aa\/wp-json\/wp\/v2\/pages\/16","targetHints":{"allow":["GET"]}}],"collection":[{"href":"https:\/\/artesarticulo.de\/aa\/wp-json\/wp\/v2\/pages"}],"about":[{"href":"https:\/\/artesarticulo.de\/aa\/wp-json\/wp\/v2\/types\/page"}],"author":[{"embeddable":true,"href":"https:\/\/artesarticulo.de\/aa\/wp-json\/wp\/v2\/users\/1"}],"replies":[{"embeddable":true,"href":"https:\/\/artesarticulo.de\/aa\/wp-json\/wp\/v2\/comments?post=16"}],"version-history":[{"count":20,"href":"https:\/\/artesarticulo.de\/aa\/wp-json\/wp\/v2\/pages\/16\/revisions"}],"predecessor-version":[{"id":313,"href":"https:\/\/artesarticulo.de\/aa\/wp-json\/wp\/v2\/pages\/16\/revisions\/313"}],"wp:attachment":[{"href":"https:\/\/artesarticulo.de\/aa\/wp-json\/wp\/v2\/media?parent=16"}],"curies":[{"name":"wp","href":"https:\/\/api.w.org\/{rel}","templated":true}]}}