{"id":25,"date":"2015-02-18T15:12:36","date_gmt":"2015-02-18T14:12:36","guid":{"rendered":"http:\/\/artesarticulo.de\/aa\/?page_id=25"},"modified":"2016-07-21T14:10:36","modified_gmt":"2016-07-21T12:10:36","slug":"programm","status":"publish","type":"page","link":"https:\/\/artesarticulo.de\/aa\/programm\/","title":{"rendered":"Sie haben freie Wahl"},"content":{"rendered":"<p>Die Vielfalt der D\u00fcsseldorfer Galerienszene bietet Ihnen die M\u00f6glichkeit, ein auf individuelle Interessen abgestimmtes Besichtigungsprogramm zusammenzustellen. Die folgende \u00dcbersicht enth\u00e4lt eine kategoriale Unterteilung der Ausstellungsorte, welche Sie mit uns gemeinsam aufsuchen k\u00f6nnen. Auf Ihre R\u00fcckfrage hin k\u00f6nnen Sie sich von uns weiter beraten lassen. Wir stellen Ihnen gerne einen Rundgang zusammen, der Ihren pers\u00f6nlichen Vorlieben entspricht!<\/p>\n<p>&nbsp;<\/p>\n<h1>MODERNE GALERIEN<\/h1>\n<p>D\u00fcsseldorfs Rang als Kulturstadt wird ma\u00dfgeblich mitbestimmt von rund 20 international angesehenen Galerien, deren Programm einen Querschnitt der relevanten bildnerisch-k\u00fcnstlerischen Tendenzen unserer Zeit bildet. Von den Klassikern der zeitgen\u00f6ssischen Avantgarde bis zu vielbeachteten jungen K\u00fcnstler\/innen findet sich hier ein reichhaltiges Spektrum aktueller Positionen, die Gelegenheit zu spannenden Diskursen bieten. Dabei eignet sich die Besch\u00e4ftigung mit dem hier Gezeigten auch, um vergleichende Betrachtungen vor dem Hintergrund der Gegenwartskunst vorzunehmen und um kunstbetriebliche Strukturen zu erl\u00e4utern.<\/p>\n<p>&nbsp;<\/p>\n<h1>TRADITIONELLE GALERIEN<\/h1>\n<p>Nicht weniger bedeutsam und ebenso zahlreich sind die Galerien, deren inhaltliche Ausrichtung auf vergangenen Epochen liegt. Den Schwerpunkt bildet dabei die klassische Moderne. So lassen sich an diesen Orten prominente Werke der entsprechenden Stilrichtungen abseits des Museumsbetriebs sehen. In vielen F\u00e4llen weisen die hier ausgestellten Werke auch Bez\u00fcge zur reichhaltigen regionalen Kulturhistorie auf, aus denen sich interessante Erkenntnisse \u00fcber die kunstgeschichtliche Bedeutung D\u00fcsseldorfs und des Rheinlands ergeben.<\/p>\n<p>&nbsp;<\/p>\n<h1>PROJEKTR\u00c4UME \/ PRODUZENTENGALERIEN<\/h1>\n<p>Als Forum eines weniger kommerziellen Kunstgeschehens pr\u00e4sentiert sich eine vielschichtige Off-Szene, deren freie und experimentelle Ausrichtung sich nicht zuletzt aus der starken Anbindung zur D\u00fcsseldorfer Kunstakademie ergibt. Das in stetem Wandel begriffene Kollektiv dieser Ausstellungsorte funktioniert dabei als lebendiges Laboratorium, das unaufh\u00f6rlich neue Impulse hervorbringt und den N\u00e4hrboden einer kunstaffinen \u201aKiezkultur\u2019 schafft. Alternativ zum professionellen Kunstbetrieb bietet sich hier die M\u00f6glichkeit auch weniger etablierte und marktg\u00e4ngige Positionen kennenzulernen.<\/p>\n<p>&nbsp;<\/p>\n<h1>KUNST IM \u00d6FFENTLICHEN RAUM<\/h1>\n<p>Gute Kunst gibt es nicht nur in Galerien und in Museen, sondern auch auf Stra\u00dfen und Pl\u00e4tzen, wo sie von vielen Passanten eher beil\u00e4ufig wahrgenommen wird. Es lohnt sich aber, diesen Werken gezielte Aufmerksamkeit zu widmen, zumal sich im Zusammenhang mit einigen auch ein signifikantes St\u00fcck Stadtgeschichte rekapitulieren l\u00e4sst. Besonders hervorzuheben sind dabei die Freiplastiken namhafter Bildhauer, deren Betrachtung sich bei einem Galerienrundgang erg\u00e4nzend mit einbeziehen l\u00e4sst.<\/p>\n<p>&nbsp;<\/p>\n<h1>K\u00dcNSTLERATELIERS<\/h1>\n<p>Die M\u00f6glichkeit einer besonders intensiven und wirklichkeitsnahen Kunsterfahrung bietet sich bei einem Atelierbesuch und einem pers\u00f6nlichen Gespr\u00e4ch mit der K\u00fcnstlerin oder dem K\u00fcnstler selbst. Auch diesbez\u00fcglich bietet D\u00fcsseldorf ein breit gef\u00e4chertes Angebot, das von den hier ans\u00e4ssigen Vertretern der verschiedensten k\u00fcnstlerischen Gattungen bestimmt wird. ARTESARTICULO arbeitet mit unterschiedlichen K\u00fcnstler\/innen zusammen, die Ihnen auf Ihren Wunsch hin gern ihre T\u00fcren \u00f6ffnen.<\/p>\n<p>&nbsp;<\/p>\n<p>Bei der inhaltlichen Gestaltung Ihres Rundgangs bleibt es Ihnen \u00fcberlassen, ob Sie einen einheitlichen Schwerpunkt oder eine Kombination der oben aufgef\u00fchrten Programmvorschl\u00e4ge w\u00e4hlen. Wir stehen Ihnen telefonisch und per E-Mail zur Verf\u00fcgung und freuen uns darauf, mit Ihnen die D\u00fcsseldorfer Kunstwelt zu erkunden!<\/p>\n<hr style=\"height: 1px; border: none; color: #000; background-color: #000; width: 21px; text-align: center; margin: 0 auto; margin-bottom: 20px;\" \/>\n","protected":false},"excerpt":{"rendered":"<p>Die Vielfalt der D\u00fcsseldorfer Galerienszene bietet Ihnen die M\u00f6glichkeit, ein auf individuelle Interessen abgestimmtes Besichtigungsprogramm zusammenzustellen. Die folgende \u00dcbersicht [&hellip;]<\/p>\n","protected":false},"author":1,"featured_media":0,"parent":0,"menu_order":0,"comment_status":"open","ping_status":"open","template":"","meta":{"_bbp_topic_count":0,"_bbp_reply_count":0,"_bbp_total_topic_count":0,"_bbp_total_reply_count":0,"_bbp_voice_count":0,"_bbp_anonymous_reply_count":0,"_bbp_topic_count_hidden":0,"_bbp_reply_count_hidden":0,"_bbp_forum_subforum_count":0,"footnotes":""},"class_list":["post-25","page","type-page","status-publish","hentry"],"_links":{"self":[{"href":"https:\/\/artesarticulo.de\/aa\/wp-json\/wp\/v2\/pages\/25","targetHints":{"allow":["GET"]}}],"collection":[{"href":"https:\/\/artesarticulo.de\/aa\/wp-json\/wp\/v2\/pages"}],"about":[{"href":"https:\/\/artesarticulo.de\/aa\/wp-json\/wp\/v2\/types\/page"}],"author":[{"embeddable":true,"href":"https:\/\/artesarticulo.de\/aa\/wp-json\/wp\/v2\/users\/1"}],"replies":[{"embeddable":true,"href":"https:\/\/artesarticulo.de\/aa\/wp-json\/wp\/v2\/comments?post=25"}],"version-history":[{"count":26,"href":"https:\/\/artesarticulo.de\/aa\/wp-json\/wp\/v2\/pages\/25\/revisions"}],"predecessor-version":[{"id":376,"href":"https:\/\/artesarticulo.de\/aa\/wp-json\/wp\/v2\/pages\/25\/revisions\/376"}],"wp:attachment":[{"href":"https:\/\/artesarticulo.de\/aa\/wp-json\/wp\/v2\/media?parent=25"}],"curies":[{"name":"wp","href":"https:\/\/api.w.org\/{rel}","templated":true}]}}