{"id":9,"date":"2015-02-18T15:00:32","date_gmt":"2015-02-18T14:00:32","guid":{"rendered":"http:\/\/artesarticulo.de\/aa\/?page_id=9"},"modified":"2015-09-08T13:18:55","modified_gmt":"2015-09-08T11:18:55","slug":"tarife","status":"publish","type":"page","link":"https:\/\/artesarticulo.de\/aa\/tarife\/","title":{"rendered":"Tarife"},"content":{"rendered":"<p>Je nachdem, wie viel Sie sich bei Ihrer Galerienerkundung vornehmen m\u00f6chten, k\u00f6nnen Sie neben der inhaltlichen Schwerpunktgestaltung nat\u00fcrlich auch den zeitlichen Umfang des Programms bestimmen. Entsprechend der preislichen \u00dcbersicht reicht die Bandbreite dabei vom einst\u00fcndigen Ausstellungsbesuch bis zum mehrst\u00fcndigen Rundgang. Bei Atelierbesuchen werden in R\u00fccksprache mit den jeweiligen K\u00fcnstler\/innen individuelle entgeltliche Vereinbarungen getroffen. F\u00fcr eine gleicherma\u00dfen ausgiebige wie abwechslungsreiche Kunstbetrachtung empfehlen wir Ihnen, ein bis zwei Stationen pro Stunde einzuplanen. Die D\u00fcsseldorfer Galerien sind mehrheitlich in gewissen Stadtvierteln ans\u00e4ssig, wo sie in unmittelbarer N\u00e4he zueinander liegen. Bei weiteren Entfernungen besteht auch die M\u00f6glichkeit eines Taxi-Transfers.<\/p>\n<p>&nbsp;<\/p>\n<div class=\"table\">\n<div class=\"row\">\n<div class=\"column\"><span class=\"time\">1 Std<\/span><\/p>\n<hr style=\"height: 1px; border: none; color: #000; background-color: #000; width: 21px; text-align: center; margin: 0 auto; margin-bottom: 20px;\" \/>\n<span class=\"price\">\u20ac65,-<\/span><\/div>\n<div class=\"column\"><span class=\"time\">1 \u00bd Std<\/span><\/p>\n<hr style=\"height: 1px; border: none; color: #000; background-color: #000; width: 21px; text-align: center; margin: 0 auto; margin-bottom: 20px;\" \/>\n<span class=\"price\">\u20ac95,-<\/span><\/div>\n<div class=\"column\"><span class=\"time\">2 Std<\/span><\/p>\n<hr style=\"height: 1px; border: none; color: #000; background-color: #000; width: 21px; text-align: center; margin: 0 auto; margin-bottom: 20px;\" \/>\n<span class=\"price\">\u20ac125,-<\/span><\/div>\n<div class=\"column\"><span class=\"time\">2 \u00bd Std<\/span><\/p>\n<hr style=\"height: 1px; border: none; color: #000; background-color: #000; width: 21px; text-align: center; margin: 0 auto; margin-bottom: 20px;\" \/>\n<span class=\"price\">\u20ac150,-<\/span><\/div>\n<div class=\"column\"><span class=\"time\">3 Std<\/span><\/p>\n<hr style=\"height: 1px; border: none; color: #000; background-color: #000; width: 21px; text-align: center; margin: 0 auto; margin-bottom: 20px;\" \/>\n<span class=\"price\">\u20ac170,-<\/span><\/div>\n<div class=\"column\"><span class=\"time\">3 \u00bd Std<\/span><\/p>\n<hr style=\"height: 1px; border: none; color: #000; background-color: #000; width: 21px; text-align: center; margin: 0 auto; margin-bottom: 20px;\" \/>\n<span class=\"price\">\u20ac185,-<\/span><\/div>\n<div class=\"column\"><span class=\"time\">4 Std<\/span><\/p>\n<hr style=\"height: 1px; border: none; color: #000; background-color: #000; width: 21px; text-align: center; margin: 0 auto; margin-bottom: 20px;\" \/>\n<span class=\"price\">\u20ac195,-<\/span><\/div>\n<\/p><\/div>\n<\/div>\n<p>&nbsp;<\/p>\n<div style=\"float: none; width: 100%; text-align: center; margin-top: 20px; letter-spacing: 0.02em;\">Auf Ihre Anfrage stehen wir Ihnen gerne mit weiteren Ausk\u00fcnften und individueller Beratung zur Verf\u00fcgung.<\/div>\n<p>&nbsp;<\/p>\n<hr style=\"height: 1px; border: none; color: #000; background-color: #000; width: 21px; text-align: center; margin: 0 auto; margin-bottom: 20px;\" \/>\n","protected":false},"excerpt":{"rendered":"<p>Je nachdem, wie viel Sie sich bei Ihrer Galerienerkundung vornehmen m\u00f6chten, k\u00f6nnen Sie neben der inhaltlichen Schwerpunktgestaltung nat\u00fcrlich auch [&hellip;]<\/p>\n","protected":false},"author":1,"featured_media":0,"parent":0,"menu_order":0,"comment_status":"open","ping_status":"open","template":"","meta":{"_bbp_topic_count":0,"_bbp_reply_count":0,"_bbp_total_topic_count":0,"_bbp_total_reply_count":0,"_bbp_voice_count":0,"_bbp_anonymous_reply_count":0,"_bbp_topic_count_hidden":0,"_bbp_reply_count_hidden":0,"_bbp_forum_subforum_count":0,"footnotes":""},"class_list":["post-9","page","type-page","status-publish","hentry"],"_links":{"self":[{"href":"https:\/\/artesarticulo.de\/aa\/wp-json\/wp\/v2\/pages\/9","targetHints":{"allow":["GET"]}}],"collection":[{"href":"https:\/\/artesarticulo.de\/aa\/wp-json\/wp\/v2\/pages"}],"about":[{"href":"https:\/\/artesarticulo.de\/aa\/wp-json\/wp\/v2\/types\/page"}],"author":[{"embeddable":true,"href":"https:\/\/artesarticulo.de\/aa\/wp-json\/wp\/v2\/users\/1"}],"replies":[{"embeddable":true,"href":"https:\/\/artesarticulo.de\/aa\/wp-json\/wp\/v2\/comments?post=9"}],"version-history":[{"count":70,"href":"https:\/\/artesarticulo.de\/aa\/wp-json\/wp\/v2\/pages\/9\/revisions"}],"predecessor-version":[{"id":308,"href":"https:\/\/artesarticulo.de\/aa\/wp-json\/wp\/v2\/pages\/9\/revisions\/308"}],"wp:attachment":[{"href":"https:\/\/artesarticulo.de\/aa\/wp-json\/wp\/v2\/media?parent=9"}],"curies":[{"name":"wp","href":"https:\/\/api.w.org\/{rel}","templated":true}]}}